{"id":201,"date":"2024-05-29T04:33:28","date_gmt":"2024-05-29T04:33:28","guid":{"rendered":"https:\/\/plongee-saint-florent.com\/?page_id=201"},"modified":"2024-06-30T15:10:20","modified_gmt":"2024-06-30T15:10:20","slug":"saint-florent","status":"publish","type":"page","link":"https:\/\/plongee-saint-florent.com\/index.php\/saint-florent\/","title":{"rendered":"SAINT FLORENT"},"content":{"rendered":"\n<p><a target=\"_blank\" href=\"http:\/\/www.saint-florent.fr\" rel=\"noreferrer noopener\">Saint Florent<\/a>&nbsp;(en&nbsp;<a target=\"_blank\" href=\"http:\/\/fr.wikipedia.org\/wiki\/Corse\" rel=\"noreferrer noopener\">Corse<\/a>&nbsp;<em>San Fiurenzu<\/em>, prononc\u00e9 \u00ab\u00a0<em>san-n fiour<strong>in<\/strong>-ntsou<\/em>\u00ab\u00a0, souvent localement&nbsp;<em>San Fiur\u00e8<\/em>), est un paradis et un concentr\u00e9 d&rsquo;activit\u00e9s, de loisirs et de beaut\u00e9s.<\/p>\n\n\n\n<p>B\u00e2tie \u00e0 fleur d&rsquo;eau sur une pointe basse qui s&rsquo;avance au fond du&nbsp;<a href=\"http:\/\/fr.wikipedia.org\/wiki\/Golfe_de_Saint-Florent\" target=\"_blank\" rel=\"noreferrer noopener\">Golfe de Saint-Florent<\/a>, l&rsquo;un des plus beaux de la&nbsp;<a href=\"http:\/\/fr.wikipedia.org\/wiki\/M\u00e9diterran\u00e9e\" target=\"_blank\" rel=\"noreferrer noopener\">M\u00e9diterran\u00e9e<\/a>, l&rsquo;ancienne cit\u00e9 g\u00e9noise, couronn\u00e9e par sa citadelle, est aujourd&rsquo;hui une station baln\u00e9aire authentique.<br><br>Id\u00e9alement situ\u00e9 au pied du Cap Corse, \u00e0&nbsp;<strong>24 km de&nbsp;<a href=\"http:\/\/www.bastia.fr\/\" target=\"_blank\" rel=\"noreferrer noopener\">Bastia<\/a>,<\/strong>&nbsp;\u00e0 30 min<strong>&nbsp;de l&rsquo;<a href=\"http:\/\/www.bastia.aeroport.fr\" target=\"_blank\" rel=\"noreferrer noopener\">A\u00e9roport de Poretta<\/a>&nbsp;et du&nbsp;<a href=\"http:\/\/www.port-de-bastia.net\/\" target=\"_blank\" rel=\"noreferrer noopener\">port de Bastia<\/a><\/strong>,<br><a href=\"http:\/\/www.corsica-saintflorent.com\" target=\"_blank\" rel=\"noreferrer noopener\">Saint Florent<\/a>&nbsp;b\u00e9n\u00e9ficie d&rsquo;un emplacement exceptionnel.&nbsp;<\/p>\n\n\n\n<div class=\"wp-block-columns is-layout-flex wp-container-core-columns-is-layout-9d6595d7 wp-block-columns-is-layout-flex\">\n<div class=\"wp-block-column is-layout-flow wp-block-column-is-layout-flow\">\n<figure class=\"wp-block-image size-full\"><img loading=\"lazy\" decoding=\"async\" width=\"400\" height=\"300\" src=\"https:\/\/plongee-saint-florent.com\/wp-content\/uploads\/2024\/05\/Baie.jpg\" alt=\"\" class=\"wp-image-25\" style=\"aspect-ratio:3\/2;object-fit:cover\" srcset=\"https:\/\/plongee-saint-florent.com\/wp-content\/uploads\/2024\/05\/Baie.jpg 400w, https:\/\/plongee-saint-florent.com\/wp-content\/uploads\/2024\/05\/Baie-300x225.jpg 300w, https:\/\/plongee-saint-florent.com\/wp-content\/uploads\/2024\/05\/Baie-150x113.jpg 150w\" sizes=\"auto, (max-width: 400px) 100vw, 400px\" \/><\/figure>\n<\/div>\n\n\n\n<div class=\"wp-block-column is-layout-flow wp-block-column-is-layout-flow\">\n<figure class=\"wp-block-image size-full\"><img loading=\"lazy\" decoding=\"async\" width=\"400\" height=\"300\" src=\"https:\/\/plongee-saint-florent.com\/wp-content\/uploads\/2024\/05\/IMG_4986.jpg\" alt=\"\" class=\"wp-image-55\" style=\"aspect-ratio:3\/2;object-fit:cover\" srcset=\"https:\/\/plongee-saint-florent.com\/wp-content\/uploads\/2024\/05\/IMG_4986.jpg 400w, https:\/\/plongee-saint-florent.com\/wp-content\/uploads\/2024\/05\/IMG_4986-300x225.jpg 300w, https:\/\/plongee-saint-florent.com\/wp-content\/uploads\/2024\/05\/IMG_4986-150x113.jpg 150w\" sizes=\"auto, (max-width: 400px) 100vw, 400px\" \/><\/figure>\n<\/div>\n\n\n\n<div class=\"wp-block-column is-layout-flow wp-block-column-is-layout-flow\">\n<figure class=\"wp-block-image size-full\"><img loading=\"lazy\" decoding=\"async\" width=\"400\" height=\"300\" src=\"https:\/\/plongee-saint-florent.com\/wp-content\/uploads\/2024\/05\/IMG_4983.jpg\" alt=\"\" class=\"wp-image-52\" style=\"aspect-ratio:3\/2;object-fit:cover\" srcset=\"https:\/\/plongee-saint-florent.com\/wp-content\/uploads\/2024\/05\/IMG_4983.jpg 400w, https:\/\/plongee-saint-florent.com\/wp-content\/uploads\/2024\/05\/IMG_4983-300x225.jpg 300w, https:\/\/plongee-saint-florent.com\/wp-content\/uploads\/2024\/05\/IMG_4983-150x113.jpg 150w\" sizes=\"auto, (max-width: 400px) 100vw, 400px\" \/><\/figure>\n<\/div>\n<\/div>\n\n\n\n<p>Apr\u00e8s avoir long\u00e9 la c\u00f4te aux paysages sauvages et escarp\u00e9s,\u00a0le\u00a0Golfe de\u00a0<a href=\"http:\/\/www.saint-florent.fr\" target=\"_blank\" rel=\"noreferrer noopener\">Saint Florent<\/a>\u00a0se d\u00e9voile et au fond de la baie, nich\u00e9e dans\u00a0<a href=\"http:\/\/fr.wikipedia.org\/wiki\/Nebbio\" target=\"_blank\" rel=\"noreferrer noopener\">Le Nebbio<\/a>&#8230;\u00a0le village qui lui a donn\u00e9 son nom.<br><br>Saint-Florent, port de p\u00eache et de plaisance, est \u00e0 l&rsquo;entr\u00e9e\u00a0du\u00a0<strong><a href=\"http:\/\/fr.wikipedia.org\/wiki\/D\u00e9sert_des_Agriates\">D<\/a><a href=\"http:\/\/fr.wikipedia.org\/wiki\/D\u00e9sert_des_Agriates\" target=\"_blank\" rel=\"noreferrer noopener\">\u00e9sert\u00a0des Agriates<\/a><\/strong>\u00a0<strong>(<a href=\"http:\/\/fr.wikipedia.org\/wiki\/D\u00e9sert_des_Agriates\" target=\"_blank\" rel=\"noreferrer noopener\">l&rsquo;Agriate<\/a>),\u00a0de son c\u00e9l\u00e8bre\u00a0<\/strong><a href=\"http:\/\/fr.wikipedia.org\/wiki\/D\u00e9sert_des_Agriates#Le_sentier_des_douaniers\" target=\"_blank\" rel=\"noreferrer noopener\">Sentier des Douaniers<\/a> et\u00a0\u00e0 proximit\u00e9 des vignobles de\u00a0<a href=\"http:\/\/fr.wikipedia.org\/wiki\/Patrimonio\" target=\"_blank\" rel=\"noreferrer noopener\">Patrimonio<\/a>.<br>Ce site unique est bord\u00e9 de criques sauvages et de plages de sable blanc (<a href=\"http:\/\/fr.wikipedia.org\/wiki\/Plage_de_Lotu\" target=\"_blank\" rel=\"noreferrer noopener\">le\u00a0<strong>Lotu<\/strong><\/a><strong>,\u00a0<a href=\"http:\/\/fr.wikipedia.org\/wiki\/Saleccia\" target=\"_blank\" rel=\"noreferrer noopener\">Saleccia<\/a>,\u00a0Malfalcu,&#8230;)<\/strong> qui\u00a0enchanteront vos souvenirs de vacances.<\/p>\n\n\n\n<p>Petit paradis lov\u00e9 pr\u00e8s du&nbsp;<a target=\"_blank\" href=\"http:\/\/fr.wikipedia.org\/wiki\/Cap_Corse\" rel=\"noreferrer noopener\">Cap Corse<\/a>&nbsp;occidental, Saint-Florent est devenue&nbsp;l&rsquo;une des localit\u00e9s les plus courues de l&rsquo;\u00eele. Festivals,&nbsp;activit\u00e9s,&nbsp;vignobles et plages sublimes lui ont m\u00eame value&nbsp;le surnom de \u00ab&nbsp;petit Saint-Tropez&nbsp;\u00bb.<\/p>\n\n\n\n<p>Les&nbsp;<a target=\"_blank\" href=\"http:\/\/www.saint-florent.fr\/agenda.php3?reset&amp;id=42\" rel=\"noreferrer noopener\">festivals de musique locaux et concerts<\/a>&nbsp;animerons vos soir\u00e9es,&nbsp;<a target=\"_blank\" href=\"http:\/\/www.festival-guitare-patrimonio.com\/\" rel=\"noreferrer noopener\">Les Nuits de la Guitare<\/a>,&nbsp;<a target=\"_blank\" href=\"http:\/\/www.porto-latino.com\/\" rel=\"noreferrer noopener\">Porto Latino<\/a>&nbsp;et de nombreux concerts de chants &amp; polyphonies&nbsp;<a target=\"_blank\" href=\"http:\/\/fr.wikipedia.org\/wiki\/Corse\" rel=\"noreferrer noopener\">Corse<\/a>&#8230;<br>&nbsp;<\/p>\n","protected":false},"excerpt":{"rendered":"<p>Saint Florent&nbsp;(en&nbsp;Corse&nbsp;San Fiurenzu, prononc\u00e9 \u00ab\u00a0san-n fiourin-ntsou\u00ab\u00a0, souvent localement&nbsp;San Fiur\u00e8), est un paradis et un concentr\u00e9 d&rsquo;activit\u00e9s, de loisirs et de beaut\u00e9s. B\u00e2tie \u00e0 fleur d&rsquo;eau sur une pointe basse qui s&rsquo;avance au fond du&nbsp;Golfe de Saint-Florent, l&rsquo;un des plus beaux de la&nbsp;M\u00e9diterran\u00e9e, l&rsquo;ancienne cit\u00e9 g\u00e9noise, couronn\u00e9e par sa citadelle, est&#8230;<\/p>\n<p class=\"continue-reading-button\"> <a class=\"continue-reading-link\" href=\"https:\/\/plongee-saint-florent.com\/index.php\/saint-florent\/\">Continue reading<i class=\"crycon-right-dir\"><\/i><\/a><\/p>\n","protected":false},"author":1,"featured_media":0,"parent":0,"menu_order":0,"comment_status":"closed","ping_status":"closed","template":"","meta":{"footnotes":""},"class_list":["post-201","page","type-page","status-publish","hentry"],"_links":{"self":[{"href":"https:\/\/plongee-saint-florent.com\/index.php\/wp-json\/wp\/v2\/pages\/201","targetHints":{"allow":["GET"]}}],"collection":[{"href":"https:\/\/plongee-saint-florent.com\/index.php\/wp-json\/wp\/v2\/pages"}],"about":[{"href":"https:\/\/plongee-saint-florent.com\/index.php\/wp-json\/wp\/v2\/types\/page"}],"author":[{"embeddable":true,"href":"https:\/\/plongee-saint-florent.com\/index.php\/wp-json\/wp\/v2\/users\/1"}],"replies":[{"embeddable":true,"href":"https:\/\/plongee-saint-florent.com\/index.php\/wp-json\/wp\/v2\/comments?post=201"}],"version-history":[{"count":7,"href":"https:\/\/plongee-saint-florent.com\/index.php\/wp-json\/wp\/v2\/pages\/201\/revisions"}],"predecessor-version":[{"id":263,"href":"https:\/\/plongee-saint-florent.com\/index.php\/wp-json\/wp\/v2\/pages\/201\/revisions\/263"}],"wp:attachment":[{"href":"https:\/\/plongee-saint-florent.com\/index.php\/wp-json\/wp\/v2\/media?parent=201"}],"curies":[{"name":"wp","href":"https:\/\/api.w.org\/{rel}","templated":true}]}}