{"id":2,"date":"2024-05-27T18:16:11","date_gmt":"2024-05-27T18:16:11","guid":{"rendered":"https:\/\/plongee-saint-florent.com\/?page_id=2"},"modified":"2025-06-01T17:46:54","modified_gmt":"2025-06-01T17:46:54","slug":"sample-page","status":"publish","type":"page","link":"https:\/\/plongee-saint-florent.com\/","title":{"rendered":"Le Dauphin Club de Plong\u00e9e"},"content":{"rendered":"\n<p style=\"font-size:24px\">Saint Florent &#8211; Haute Corse<\/p>\n\n\n\n<p>Le Centre de Plong\u00e9e, Le Dauphin Club situ\u00e9 a Saint Florent en Haute Corse, vous accueille pour des\u00a0bapt\u00eames\u00a0et des\u00a0plong\u00e9es\u00a0inoubliables.<br>Nous vous attendons au port de plaisance de Saint Florent, pr\u00e8s du point de d\u00e9part pour les plages de Saleccia et du Lotu.<\/p>\n\n\n<div class=\"wp-block-image\">\n<figure class=\"aligncenter size-full\"><img loading=\"lazy\" decoding=\"async\" width=\"500\" height=\"217\" src=\"https:\/\/plongee-saint-florent.com\/wp-content\/uploads\/2024\/05\/dauphins1-1.jpg\" alt=\"\" class=\"wp-image-118\" srcset=\"https:\/\/plongee-saint-florent.com\/wp-content\/uploads\/2024\/05\/dauphins1-1.jpg 500w, https:\/\/plongee-saint-florent.com\/wp-content\/uploads\/2024\/05\/dauphins1-1-300x130.jpg 300w, https:\/\/plongee-saint-florent.com\/wp-content\/uploads\/2024\/05\/dauphins1-1-150x65.jpg 150w\" sizes=\"auto, (max-width: 500px) 100vw, 500px\" \/><\/figure>\n<\/div>\n\n\n<p><\/p>\n\n\n\n<p>Nous proposons:<br>Bapt\u00eames\u00a0de plong\u00e9e  |  Discovers Scuba Diving<br>Plong\u00e9es d&rsquo;Explorations\u00a0 |  Fun dives \/ Adventure Dives<br>Formations \/ Stages  |  Diving Courses\u00a0&#8211; FFESSM &#8211; CMAS<br>Randonn\u00e9e Palm\u00e9e\u00a0 |  Snorkeling<br>Accueil Groupes\u00a0 |  Groups<br>Plong\u00e9e Enfants\u00a0 |  Kids Diving<br>Instructeur Priv\u00e9  |  Private Instructor<\/p>\n\n\n\n<p>Pour nous contacter :<\/p>\n\n\n\n<p>Telephone : <a href=\"tel:0614628446\">06 14 62 84 46<\/a><\/p>\n\n\n\n<p>Email : <a href=\"mailto:dauphin.club@wanadoo.fr\">dauphin.club@wanadoo.fr<\/a><\/p>\n","protected":false},"excerpt":{"rendered":"<p>Saint Florent &#8211; Haute Corse Le Centre de Plong\u00e9e, Le Dauphin Club situ\u00e9 a Saint Florent en Haute Corse, vous accueille pour des\u00a0bapt\u00eames\u00a0et des\u00a0plong\u00e9es\u00a0inoubliables.Nous vous attendons au port de plaisance de Saint Florent, pr\u00e8s du point de d\u00e9part pour les plages de Saleccia et du Lotu. Nous proposons:Bapt\u00eames\u00a0de plong\u00e9e |&#8230;<\/p>\n<p class=\"continue-reading-button\"> <a class=\"continue-reading-link\" href=\"https:\/\/plongee-saint-florent.com\/\">Continue reading<i class=\"crycon-right-dir\"><\/i><\/a><\/p>\n","protected":false},"author":1,"featured_media":0,"parent":0,"menu_order":0,"comment_status":"closed","ping_status":"open","template":"","meta":{"footnotes":""},"class_list":["post-2","page","type-page","status-publish","hentry"],"_links":{"self":[{"href":"https:\/\/plongee-saint-florent.com\/index.php\/wp-json\/wp\/v2\/pages\/2","targetHints":{"allow":["GET"]}}],"collection":[{"href":"https:\/\/plongee-saint-florent.com\/index.php\/wp-json\/wp\/v2\/pages"}],"about":[{"href":"https:\/\/plongee-saint-florent.com\/index.php\/wp-json\/wp\/v2\/types\/page"}],"author":[{"embeddable":true,"href":"https:\/\/plongee-saint-florent.com\/index.php\/wp-json\/wp\/v2\/users\/1"}],"replies":[{"embeddable":true,"href":"https:\/\/plongee-saint-florent.com\/index.php\/wp-json\/wp\/v2\/comments?post=2"}],"version-history":[{"count":21,"href":"https:\/\/plongee-saint-florent.com\/index.php\/wp-json\/wp\/v2\/pages\/2\/revisions"}],"predecessor-version":[{"id":331,"href":"https:\/\/plongee-saint-florent.com\/index.php\/wp-json\/wp\/v2\/pages\/2\/revisions\/331"}],"wp:attachment":[{"href":"https:\/\/plongee-saint-florent.com\/index.php\/wp-json\/wp\/v2\/media?parent=2"}],"curies":[{"name":"wp","href":"https:\/\/api.w.org\/{rel}","templated":true}]}}