{"id":199,"date":"2024-05-29T04:32:20","date_gmt":"2024-05-29T04:32:20","guid":{"rendered":"https:\/\/plongee-saint-florent.com\/?page_id=199"},"modified":"2025-06-01T17:53:37","modified_gmt":"2025-06-01T17:53:37","slug":"le-bapteme","status":"publish","type":"page","link":"https:\/\/plongee-saint-florent.com\/index.php\/le-bapteme\/","title":{"rendered":"LE BAPT\u00caME"},"content":{"rendered":"\n<p class=\"has-medium-font-size\">Le Centre de Plong\u00e9e, Le Dauphin Club situ\u00e9 a Saint Florent en Haute Corse, vous accueille pour des bapt\u00eames&nbsp;de plong\u00e9e&nbsp;inoubliables&nbsp;et en toute s\u00e9curit\u00e9.<\/p>\n\n\n\n<p>Bapt\u00eames de plong\u00e9e, Initiations, Pack D\u00e9couverte, PE12 et Randonn\u00e9es Palm\u00e9es, pour individuels, enfants et groupes, vous serez encadr\u00e9s par nos moniteurs professionnels dipl\u00f4m\u00e9s d&rsquo;\u00e9tat.<\/p>\n\n\n\n<p><strong><u>LE BAPT\u00caME DE PLONG\u00c9E<\/u><\/strong><\/p>\n\n\n\n<p>C&rsquo;est un moment privil\u00e9gi\u00e9 pour vous faire d\u00e9couvrir les&nbsp;magnifiques&nbsp;fonds sous-marins&nbsp;de M\u00e9diterran\u00e9e.<br>Les bapt\u00eames se font&nbsp;g\u00e9n\u00e9ralement sur le site appel\u00e9&nbsp;\u00ab\u00a0Les Grottes de la Citadelle\u00a0\u00bb. Site calme et peu profond&nbsp;aux eaux turquoises et riches en faune et flore sous-marine. Vous \u00eates alors seul avec un moniteur qui s&rsquo;occupe uniquement de vous&nbsp;pour&nbsp;que vous n&rsquo;ayez&nbsp;seulement&nbsp;qu&rsquo;\u00e0 regarder les poissons multicolores&nbsp;autour de vous.<\/p>\n\n\n\n<div class=\"wp-block-columns is-layout-flex wp-container-core-columns-is-layout-9d6595d7 wp-block-columns-is-layout-flex\">\n<div class=\"wp-block-column is-layout-flow wp-block-column-is-layout-flow\">\n<figure class=\"wp-block-image size-full\"><img loading=\"lazy\" decoding=\"async\" width=\"400\" height=\"300\" src=\"https:\/\/plongee-saint-florent.com\/wp-content\/uploads\/2024\/05\/bapteme-de-plongee.jpg\" alt=\"\" class=\"wp-image-28\" style=\"aspect-ratio:3\/2;object-fit:cover\" srcset=\"https:\/\/plongee-saint-florent.com\/wp-content\/uploads\/2024\/05\/bapteme-de-plongee.jpg 400w, https:\/\/plongee-saint-florent.com\/wp-content\/uploads\/2024\/05\/bapteme-de-plongee-300x225.jpg 300w, https:\/\/plongee-saint-florent.com\/wp-content\/uploads\/2024\/05\/bapteme-de-plongee-150x113.jpg 150w\" sizes=\"auto, (max-width: 400px) 100vw, 400px\" \/><\/figure>\n<\/div>\n\n\n\n<div class=\"wp-block-column is-layout-flow wp-block-column-is-layout-flow\">\n<figure class=\"wp-block-image size-full\"><img loading=\"lazy\" decoding=\"async\" width=\"400\" height=\"283\" src=\"https:\/\/plongee-saint-florent.com\/wp-content\/uploads\/2024\/05\/bapteme_FFESSM.jpg\" alt=\"\" class=\"wp-image-27\" style=\"aspect-ratio:3\/2;object-fit:cover\" srcset=\"https:\/\/plongee-saint-florent.com\/wp-content\/uploads\/2024\/05\/bapteme_FFESSM.jpg 400w, https:\/\/plongee-saint-florent.com\/wp-content\/uploads\/2024\/05\/bapteme_FFESSM-300x212.jpg 300w, https:\/\/plongee-saint-florent.com\/wp-content\/uploads\/2024\/05\/bapteme_FFESSM-150x106.jpg 150w\" sizes=\"auto, (max-width: 400px) 100vw, 400px\" \/><\/figure>\n<\/div>\n\n\n\n<div class=\"wp-block-column is-layout-flow wp-block-column-is-layout-flow\">\n<figure class=\"wp-block-image size-full\"><img loading=\"lazy\" decoding=\"async\" width=\"415\" height=\"311\" src=\"https:\/\/plongee-saint-florent.com\/wp-content\/uploads\/2024\/05\/souffleur1.jpg\" alt=\"\" class=\"wp-image-107\" style=\"aspect-ratio:3\/2;object-fit:cover\" srcset=\"https:\/\/plongee-saint-florent.com\/wp-content\/uploads\/2024\/05\/souffleur1.jpg 415w, https:\/\/plongee-saint-florent.com\/wp-content\/uploads\/2024\/05\/souffleur1-300x225.jpg 300w, https:\/\/plongee-saint-florent.com\/wp-content\/uploads\/2024\/05\/souffleur1-150x112.jpg 150w\" sizes=\"auto, (max-width: 415px) 100vw, 415px\" \/><\/figure>\n<\/div>\n<\/div>\n\n\n\n<p><strong><br><strong><u>LE PACK D\u00c9COUVERTE et PLONGEUR PE12<\/u><\/strong><\/strong><\/p>\n\n\n\n<p>Le Pack D\u00e9couverte\u00a0et le PE12 (plongeur encadr\u00e9 12 m\u00e8tres) sont destin\u00e9s \u00e0 des d\u00e9butants effectuants un court s\u00e9jour.<br>Il permet sans contrainte de visite m\u00e9dicale de se faire plaisir accompagn\u00e9\u00a0par\u00a0moniteur pendant 3 plong\u00e9es a une profondeur de 6 a 12m maximum. Il donne lieu \u00e0 la d\u00e9livrance d&rsquo;une carte de plongeur. Ces formations comprennent 3 plong\u00e9es (bapt\u00eame et initiation), encadr\u00e9es par un moniteur professionnel, dipl\u00f4m\u00e9 d\u2019\u00c9tat.<\/p>\n\n\n\n<p><strong><u>LA RANDONN\u00c9E PALM\u00c9E<\/u><\/strong><\/p>\n\n\n\n<p>La Randonn\u00e9e Palm\u00e9e, consiste a d\u00e9couvrir le monde subaquatique depuis la surface et de fa\u00e7on ludique.<br>Cette activit\u00e9&nbsp;accessible a tous, est une randonn\u00e9e en mer en nageant en petits groupes, avec des palmes, un masque et un tuba, et ceci avec un esprit naturaliste.<br>Le groupe nage en surface (avec ou sans planche) et peut a sa guise explorer les fonds sous-marins, observer les paysages c\u00f4tiers et sous-marins, d\u00e9couvrir la faune et la flore c\u00f4ti\u00e8re et sous-marine, ou m\u00eame pratiquer la photographie.<br>Accompagn\u00e9&nbsp;d&rsquo;un moniteur professionnel, vous apprendrez a utiliser votre mat\u00e9riel (palmes, masque et tuba), a vous d\u00e9placer ais\u00e9ment dans l&rsquo;eau, a reconnaitre et identifier quelques esp\u00e8ces sous-marine et a prot\u00e9ger l&rsquo;environnement subaquatique.<\/p>\n\n\n\n<div class=\"wp-block-columns is-layout-flex wp-container-core-columns-is-layout-9d6595d7 wp-block-columns-is-layout-flex\">\n<div class=\"wp-block-column is-layout-flow wp-block-column-is-layout-flow\"><div class=\"wp-block-image\">\n<figure class=\"aligncenter size-full\"><img loading=\"lazy\" decoding=\"async\" width=\"400\" height=\"300\" src=\"https:\/\/plongee-saint-florent.com\/wp-content\/uploads\/2024\/05\/IMG_4992.jpg\" alt=\"\" class=\"wp-image-61\" style=\"aspect-ratio:3\/2;object-fit:cover\" srcset=\"https:\/\/plongee-saint-florent.com\/wp-content\/uploads\/2024\/05\/IMG_4992.jpg 400w, https:\/\/plongee-saint-florent.com\/wp-content\/uploads\/2024\/05\/IMG_4992-300x225.jpg 300w, https:\/\/plongee-saint-florent.com\/wp-content\/uploads\/2024\/05\/IMG_4992-150x113.jpg 150w\" sizes=\"auto, (max-width: 400px) 100vw, 400px\" \/><\/figure>\n<\/div><\/div>\n\n\n\n<div class=\"wp-block-column is-layout-flow wp-block-column-is-layout-flow\"><div class=\"wp-block-image\">\n<figure class=\"aligncenter size-full\"><img loading=\"lazy\" decoding=\"async\" width=\"400\" height=\"300\" src=\"https:\/\/plongee-saint-florent.com\/wp-content\/uploads\/2024\/05\/poissons.jpg\" alt=\"\" class=\"wp-image-105\" style=\"aspect-ratio:3\/2;object-fit:cover\" srcset=\"https:\/\/plongee-saint-florent.com\/wp-content\/uploads\/2024\/05\/poissons.jpg 400w, https:\/\/plongee-saint-florent.com\/wp-content\/uploads\/2024\/05\/poissons-300x225.jpg 300w, https:\/\/plongee-saint-florent.com\/wp-content\/uploads\/2024\/05\/poissons-150x113.jpg 150w\" sizes=\"auto, (max-width: 400px) 100vw, 400px\" \/><\/figure>\n<\/div><\/div>\n\n\n\n<div class=\"wp-block-column is-layout-flow wp-block-column-is-layout-flow\"><div class=\"wp-block-image\">\n<figure class=\"aligncenter size-full\"><img loading=\"lazy\" decoding=\"async\" width=\"400\" height=\"300\" src=\"https:\/\/plongee-saint-florent.com\/wp-content\/uploads\/2024\/05\/flaveline.jpg\" alt=\"\" class=\"wp-image-44\" style=\"aspect-ratio:3\/2;object-fit:cover\" srcset=\"https:\/\/plongee-saint-florent.com\/wp-content\/uploads\/2024\/05\/flaveline.jpg 400w, https:\/\/plongee-saint-florent.com\/wp-content\/uploads\/2024\/05\/flaveline-300x225.jpg 300w, https:\/\/plongee-saint-florent.com\/wp-content\/uploads\/2024\/05\/flaveline-150x113.jpg 150w\" sizes=\"auto, (max-width: 400px) 100vw, 400px\" \/><\/figure>\n<\/div><\/div>\n<\/div>\n","protected":false},"excerpt":{"rendered":"<p>Le Centre de Plong\u00e9e, Le Dauphin Club situ\u00e9 a Saint Florent en Haute Corse, vous accueille pour des bapt\u00eames&nbsp;de plong\u00e9e&nbsp;inoubliables&nbsp;et en toute s\u00e9curit\u00e9. Bapt\u00eames de plong\u00e9e, Initiations, Pack D\u00e9couverte, PE12 et Randonn\u00e9es Palm\u00e9es, pour individuels, enfants et groupes, vous serez encadr\u00e9s par nos moniteurs professionnels dipl\u00f4m\u00e9s d&rsquo;\u00e9tat. LE BAPT\u00caME DE&#8230;<\/p>\n<p class=\"continue-reading-button\"> <a class=\"continue-reading-link\" href=\"https:\/\/plongee-saint-florent.com\/index.php\/le-bapteme\/\">Continue reading<i class=\"crycon-right-dir\"><\/i><\/a><\/p>\n","protected":false},"author":1,"featured_media":0,"parent":0,"menu_order":0,"comment_status":"closed","ping_status":"closed","template":"","meta":{"footnotes":""},"class_list":["post-199","page","type-page","status-publish","hentry"],"_links":{"self":[{"href":"https:\/\/plongee-saint-florent.com\/index.php\/wp-json\/wp\/v2\/pages\/199","targetHints":{"allow":["GET"]}}],"collection":[{"href":"https:\/\/plongee-saint-florent.com\/index.php\/wp-json\/wp\/v2\/pages"}],"about":[{"href":"https:\/\/plongee-saint-florent.com\/index.php\/wp-json\/wp\/v2\/types\/page"}],"author":[{"embeddable":true,"href":"https:\/\/plongee-saint-florent.com\/index.php\/wp-json\/wp\/v2\/users\/1"}],"replies":[{"embeddable":true,"href":"https:\/\/plongee-saint-florent.com\/index.php\/wp-json\/wp\/v2\/comments?post=199"}],"version-history":[{"count":19,"href":"https:\/\/plongee-saint-florent.com\/index.php\/wp-json\/wp\/v2\/pages\/199\/revisions"}],"predecessor-version":[{"id":335,"href":"https:\/\/plongee-saint-florent.com\/index.php\/wp-json\/wp\/v2\/pages\/199\/revisions\/335"}],"wp:attachment":[{"href":"https:\/\/plongee-saint-florent.com\/index.php\/wp-json\/wp\/v2\/media?parent=199"}],"curies":[{"name":"wp","href":"https:\/\/api.w.org\/{rel}","templated":true}]}}